{"id":7,"date":"2026-01-16T11:20:19","date_gmt":"2026-01-16T11:20:19","guid":{"rendered":"https:\/\/adrianseisdedos.rkinformatika.online\/?page_id=7"},"modified":"2026-01-16T16:45:20","modified_gmt":"2026-01-16T16:45:20","slug":"servicios","status":"publish","type":"page","link":"https:\/\/adrianseisdedos.com\/eu\/servicios\/","title":{"rendered":"Zerbitzuak"},"content":{"rendered":"<div data-elementor-type=\"wp-page\" data-elementor-id=\"7\" class=\"elementor elementor-7\" data-elementor-post-type=\"page\">\n\t\t\t\t<div class=\"elementor-element elementor-element-af6077a e-flex e-con-boxed e-con e-parent\" data-id=\"af6077a\" data-element_type=\"container\" data-e-type=\"container\" data-settings=\"{&quot;background_background&quot;:&quot;classic&quot;}\">\n\t\t\t\t\t<div class=\"e-con-inner\">\n\t\t<div class=\"elementor-element elementor-element-d72186c e-con-full e-flex e-con e-child\" data-id=\"d72186c\" data-element_type=\"container\" data-e-type=\"container\">\n\t\t\t\t<\/div>\n\t\t\t\t\t<\/div>\n\t\t\t\t<\/div>\n\t\t<div class=\"elementor-element elementor-element-627f9b0 e-flex e-con-boxed e-con e-parent\" data-id=\"627f9b0\" data-element_type=\"container\" data-e-type=\"container\" data-settings=\"{&quot;background_background&quot;:&quot;classic&quot;}\">\n\t\t\t\t\t<div class=\"e-con-inner\">\n\t\t<div class=\"elementor-element elementor-element-d4ae6ab e-con-full e-flex e-con e-child\" data-id=\"d4ae6ab\" data-element_type=\"container\" data-e-type=\"container\">\n\t\t\t\t<div class=\"elementor-element elementor-element-3952891 elementor-widget-divider--view-line_icon elementor-view-default elementor-widget-divider--element-align-center elementor-widget elementor-widget-divider\" data-id=\"3952891\" data-element_type=\"widget\" data-e-type=\"widget\" data-widget_type=\"divider.default\">\n\t\t\t\t\t\t\t<div class=\"elementor-divider\">\n\t\t\t<span class=\"elementor-divider-separator\">\n\t\t\t\t\t\t\t<div class=\"elementor-icon elementor-divider__element\">\n\t\t\t\t\t<svg aria-hidden=\"true\" class=\"e-font-icon-svg e-fas-traffic-light\" viewbox=\"0 0 384 512\" xmlns=\"http:\/\/www.w3.org\/2000\/svg\"><path d=\"M384 192h-64v-37.88c37.2-13.22 64-48.38 64-90.12h-64V32c0-17.67-14.33-32-32-32H96C78.33 0 64 14.33 64 32v32H0c0 41.74 26.8 76.9 64 90.12V192H0c0 41.74 26.8 76.9 64 90.12V320H0c0 42.84 28.25 78.69 66.99 91.05C79.42 468.72 130.6 512 192 512s112.58-43.28 125.01-100.95C355.75 398.69 384 362.84 384 320h-64v-37.88c37.2-13.22 64-48.38 64-90.12zM192 416c-26.51 0-48-21.49-48-48s21.49-48 48-48 48 21.49 48 48-21.49 48-48 48zm0-128c-26.51 0-48-21.49-48-48s21.49-48 48-48 48 21.49 48 48-21.49 48-48 48zm0-128c-26.51 0-48-21.49-48-48s21.49-48 48-48 48 21.49 48 48-21.49 48-48 48z\"><\/path><\/svg><\/div>\n\t\t\t\t\t\t<\/span>\n\t\t<\/div>\n\t\t\t\t\t\t<\/div>\n\t\t\t\t<div class=\"elementor-element elementor-element-a555829 eael-dual-header-content-align-left e-transform elementor-widget elementor-widget-eael-dual-color-header\" data-id=\"a555829\" data-element_type=\"widget\" data-e-type=\"widget\" data-settings=\"{&quot;_transform_skewX_effect&quot;:{&quot;unit&quot;:&quot;px&quot;,&quot;size&quot;:&quot;&quot;,&quot;sizes&quot;:[]},&quot;_transform_skewX_effect_tablet&quot;:{&quot;unit&quot;:&quot;deg&quot;,&quot;size&quot;:&quot;&quot;,&quot;sizes&quot;:[]},&quot;_transform_skewX_effect_mobile&quot;:{&quot;unit&quot;:&quot;deg&quot;,&quot;size&quot;:&quot;&quot;,&quot;sizes&quot;:[]},&quot;_transform_skewY_effect&quot;:{&quot;unit&quot;:&quot;px&quot;,&quot;size&quot;:&quot;&quot;,&quot;sizes&quot;:[]},&quot;_transform_skewY_effect_tablet&quot;:{&quot;unit&quot;:&quot;deg&quot;,&quot;size&quot;:&quot;&quot;,&quot;sizes&quot;:[]},&quot;_transform_skewY_effect_mobile&quot;:{&quot;unit&quot;:&quot;deg&quot;,&quot;size&quot;:&quot;&quot;,&quot;sizes&quot;:[]}}\" data-widget_type=\"eael-dual-color-header.default\">\n\t\t\t\t\t\t\t\t<div class=\"eael-dual-header\">\n\t\t\t\t<h1 class=\"title eael-dch-title\"><span class=\"eael-dch-title-text eael-dch-title-lead lead solid-color\">Nuestro<br><\/span> <span class=\"eael-dch-title-text\">Zerbitzuak<\/span><\/h1>\t\t\t<\/div>\n\n\t\t\t\t\t\t<\/div>\n\t\t\t\t<div class=\"elementor-element elementor-element-ee2d28e elementor-widget elementor-widget-text-editor\" data-id=\"ee2d28e\" data-element_type=\"widget\" data-e-type=\"widget\" data-widget_type=\"text-editor.default\">\n\t\t\t\t\t\t\t\t\t<p>T\u00e9cnico de competici\u00f3n y t\u00e9cnico de mantenimiento de veh\u00edculos de carreras en el prestigioso campeonato europeo de F\u00f3rmula Eurocup 3, donde me encargo de asegurar el \u00f3ptimo rendimiento de los autom\u00f3viles y el \u00e9xito del equipo en cada una de las intensas y emocionantes competiciones que se llevan a cabo a lo largo de la temporada.<\/p>\t\t\t\t\t\t\t\t<\/div>\n\t\t\t\t<\/div>\n\t\t\t\t\t<\/div>\n\t\t\t\t<\/div>\n\t\t<div class=\"elementor-element elementor-element-9c07ce0 e-grid e-con-boxed e-con e-parent\" data-id=\"9c07ce0\" data-element_type=\"container\" data-e-type=\"container\" data-settings=\"{&quot;background_background&quot;:&quot;classic&quot;}\">\n\t\t\t\t\t<div class=\"e-con-inner\">\n\t\t\t\t<div class=\"elementor-element elementor-element-43b9dad elementor-widget elementor-widget-image\" data-id=\"43b9dad\" data-element_type=\"widget\" data-e-type=\"widget\" data-widget_type=\"image.default\">\n\t\t\t\t\t\t\t\t\t\t\t\t\t\t\t<img fetchpriority=\"high\" decoding=\"async\" width=\"800\" height=\"450\" src=\"https:\/\/adrianseisdedos.com\/wp-content\/uploads\/2026\/01\/68942-1024x576.jpg\" class=\"attachment-large size-large wp-image-158\" alt=\"\" srcset=\"https:\/\/adrianseisdedos.com\/wp-content\/uploads\/2026\/01\/68942-1024x576.jpg 1024w, https:\/\/adrianseisdedos.com\/wp-content\/uploads\/2026\/01\/68942-300x169.jpg 300w, https:\/\/adrianseisdedos.com\/wp-content\/uploads\/2026\/01\/68942-768x432.jpg 768w, https:\/\/adrianseisdedos.com\/wp-content\/uploads\/2026\/01\/68942-18x10.jpg 18w, https:\/\/adrianseisdedos.com\/wp-content\/uploads\/2026\/01\/68942.jpg 1500w\" sizes=\"(max-width: 800px) 100vw, 800px\" \/>\t\t\t\t\t\t\t\t\t\t\t\t\t\t\t<\/div>\n\t\t\t\t<div class=\"elementor-element elementor-element-2455cc6 elementor-widget elementor-widget-heading\" data-id=\"2455cc6\" data-element_type=\"widget\" data-e-type=\"widget\" data-widget_type=\"heading.default\">\n\t\t\t\t\t<h2 class=\"elementor-heading-title elementor-size-default\">T\u00e9cnico de Competici\u00f3n<\/h2>\t\t\t\t<\/div>\n\t\t\t\t<div class=\"elementor-element elementor-element-784e7e1 elementor-widget elementor-widget-heading\" data-id=\"784e7e1\" data-element_type=\"widget\" data-e-type=\"widget\" data-widget_type=\"heading.default\">\n\t\t\t\t\t<h2 class=\"elementor-heading-title elementor-size-default\">T\u00e9cnico de Mantenimiento<\/h2>\t\t\t\t<\/div>\n\t\t\t\t<div class=\"elementor-element elementor-element-6f9312b elementor-widget elementor-widget-image\" data-id=\"6f9312b\" data-element_type=\"widget\" data-e-type=\"widget\" data-widget_type=\"image.default\">\n\t\t\t\t\t\t\t\t\t\t\t\t\t\t\t<img decoding=\"async\" width=\"800\" height=\"413\" src=\"https:\/\/adrianseisdedos.com\/wp-content\/uploads\/2026\/01\/109443.jpg\" class=\"attachment-large size-large wp-image-186\" alt=\"\" srcset=\"https:\/\/adrianseisdedos.com\/wp-content\/uploads\/2026\/01\/109443.jpg 1000w, https:\/\/adrianseisdedos.com\/wp-content\/uploads\/2026\/01\/109443-300x155.jpg 300w, https:\/\/adrianseisdedos.com\/wp-content\/uploads\/2026\/01\/109443-768x396.jpg 768w, https:\/\/adrianseisdedos.com\/wp-content\/uploads\/2026\/01\/109443-18x9.jpg 18w\" sizes=\"(max-width: 800px) 100vw, 800px\" \/>\t\t\t\t\t\t\t\t\t\t\t\t\t\t\t<\/div>\n\t\t\t\t\t<\/div>\n\t\t\t\t<\/div>\n\t\t<div class=\"elementor-element elementor-element-28137e8 e-flex e-con-boxed e-con e-parent\" data-id=\"28137e8\" data-element_type=\"container\" data-e-type=\"container\" data-settings=\"{&quot;background_background&quot;:&quot;classic&quot;}\">\n\t\t\t\t\t<div class=\"e-con-inner\">\n\t\t\t\t<div class=\"elementor-element elementor-element-1ae08d5 elementor-invisible elementor-widget elementor-widget-heading\" data-id=\"1ae08d5\" data-element_type=\"widget\" data-e-type=\"widget\" data-settings=\"{&quot;_animation&quot;:&quot;fadeInDown&quot;}\" data-widget_type=\"heading.default\">\n\t\t\t\t\t<h2 class=\"elementor-heading-title elementor-size-default\">\u00a1T\u00e9cnica, control y pasi\u00f3n por la competici\u00f3n!<\/h2>\t\t\t\t<\/div>\n\t\t\t\t<div class=\"elementor-element elementor-element-9bfb075 elementor-invisible elementor-widget elementor-widget-button\" data-id=\"9bfb075\" data-element_type=\"widget\" data-e-type=\"widget\" data-settings=\"{&quot;_animation&quot;:&quot;fadeInDown&quot;}\" data-widget_type=\"button.default\">\n\t\t\t\t\t\t\t\t\t\t<a class=\"elementor-button elementor-button-link elementor-size-sm elementor-animation-float\" href=\"\/eu\/contacto\/\">\n\t\t\t\t\t\t<span class=\"elementor-button-content-wrapper\">\n\t\t\t\t\t\t\t\t\t<span class=\"elementor-button-text\">Cont\u00e1ctanos<\/span>\n\t\t\t\t\t<\/span>\n\t\t\t\t\t<\/a>\n\t\t\t\t\t\t\t\t<\/div>\n\t\t\t\t\t<\/div>\n\t\t\t\t<\/div>\n\t\t<div class=\"elementor-element elementor-element-5092675 e-flex e-con-boxed e-con e-parent\" data-id=\"5092675\" data-element_type=\"container\" data-e-type=\"container\" data-settings=\"{&quot;background_background&quot;:&quot;classic&quot;}\">\n\t\t\t\t\t<div class=\"e-con-inner\">\n\t\t<div class=\"elementor-element elementor-element-79358d0 e-con-full e-flex e-con e-child\" data-id=\"79358d0\" data-element_type=\"container\" data-e-type=\"container\">\n\t\t\t\t<div class=\"elementor-element elementor-element-f025d1b elementor-widget-divider--view-line_icon elementor-view-default elementor-widget-divider--element-align-center elementor-widget elementor-widget-divider\" data-id=\"f025d1b\" data-element_type=\"widget\" data-e-type=\"widget\" data-widget_type=\"divider.default\">\n\t\t\t\t\t\t\t<div class=\"elementor-divider\">\n\t\t\t<span class=\"elementor-divider-separator\">\n\t\t\t\t\t\t\t<div class=\"elementor-icon elementor-divider__element\">\n\t\t\t\t\t<svg aria-hidden=\"true\" class=\"e-font-icon-svg e-fas-traffic-light\" viewbox=\"0 0 384 512\" xmlns=\"http:\/\/www.w3.org\/2000\/svg\"><path d=\"M384 192h-64v-37.88c37.2-13.22 64-48.38 64-90.12h-64V32c0-17.67-14.33-32-32-32H96C78.33 0 64 14.33 64 32v32H0c0 41.74 26.8 76.9 64 90.12V192H0c0 41.74 26.8 76.9 64 90.12V320H0c0 42.84 28.25 78.69 66.99 91.05C79.42 468.72 130.6 512 192 512s112.58-43.28 125.01-100.95C355.75 398.69 384 362.84 384 320h-64v-37.88c37.2-13.22 64-48.38 64-90.12zM192 416c-26.51 0-48-21.49-48-48s21.49-48 48-48 48 21.49 48 48-21.49 48-48 48zm0-128c-26.51 0-48-21.49-48-48s21.49-48 48-48 48 21.49 48 48-21.49 48-48 48zm0-128c-26.51 0-48-21.49-48-48s21.49-48 48-48 48 21.49 48 48-21.49 48-48 48z\"><\/path><\/svg><\/div>\n\t\t\t\t\t\t<\/span>\n\t\t<\/div>\n\t\t\t\t\t\t<\/div>\n\t\t\t\t<div class=\"elementor-element elementor-element-7a7507e eael-dual-header-content-align-left e-transform elementor-widget elementor-widget-eael-dual-color-header\" data-id=\"7a7507e\" data-element_type=\"widget\" data-e-type=\"widget\" data-settings=\"{&quot;_transform_skewX_effect&quot;:{&quot;unit&quot;:&quot;px&quot;,&quot;size&quot;:&quot;&quot;,&quot;sizes&quot;:[]},&quot;_transform_skewX_effect_tablet&quot;:{&quot;unit&quot;:&quot;deg&quot;,&quot;size&quot;:&quot;&quot;,&quot;sizes&quot;:[]},&quot;_transform_skewX_effect_mobile&quot;:{&quot;unit&quot;:&quot;deg&quot;,&quot;size&quot;:&quot;&quot;,&quot;sizes&quot;:[]},&quot;_transform_skewY_effect&quot;:{&quot;unit&quot;:&quot;px&quot;,&quot;size&quot;:&quot;&quot;,&quot;sizes&quot;:[]},&quot;_transform_skewY_effect_tablet&quot;:{&quot;unit&quot;:&quot;deg&quot;,&quot;size&quot;:&quot;&quot;,&quot;sizes&quot;:[]},&quot;_transform_skewY_effect_mobile&quot;:{&quot;unit&quot;:&quot;deg&quot;,&quot;size&quot;:&quot;&quot;,&quot;sizes&quot;:[]}}\" data-widget_type=\"eael-dual-color-header.default\">\n\t\t\t\t\t\t\t\t<div class=\"eael-dual-header\">\n\t\t\t\t<h1 class=\"title eael-dch-title\"><span class=\"eael-dch-title-text eael-dch-title-lead lead solid-color\">\u00a1Haciendo que cada <\/span> <span class=\"eael-dch-title-text\">coche rinda al l\u00edmite!<\/span><\/h1>\t\t\t<\/div>\n\n\t\t\t\t\t\t<\/div>\n\t\t\t\t<div class=\"elementor-element elementor-element-43d61b9 elementor-widget elementor-widget-text-editor\" data-id=\"43d61b9\" data-element_type=\"widget\" data-e-type=\"widget\" data-widget_type=\"text-editor.default\">\n\t\t\t\t\t\t\t\t\t<p>Donde la mec\u00e1nica se convierte en un rendimiento excepcional y en una experiencia inolvidable.<\/p>\t\t\t\t\t\t\t\t<\/div>\n\t\t\t\t<\/div>\n\t\t<div class=\"elementor-element elementor-element-c7d6b9f e-con-full e-flex e-con e-child\" data-id=\"c7d6b9f\" data-element_type=\"container\" data-e-type=\"container\">\n\t\t\t\t<div class=\"elementor-element elementor-element-24a4d14 elementor-widget elementor-widget-image\" data-id=\"24a4d14\" data-element_type=\"widget\" data-e-type=\"widget\" data-widget_type=\"image.default\">\n\t\t\t\t\t\t\t\t\t\t\t\t\t\t\t<img decoding=\"async\" width=\"800\" height=\"534\" src=\"https:\/\/adrianseisdedos.com\/wp-content\/uploads\/2026\/01\/1129142.jpg\" class=\"attachment-large size-large wp-image-199\" alt=\"\" srcset=\"https:\/\/adrianseisdedos.com\/wp-content\/uploads\/2026\/01\/1129142.jpg 1000w, https:\/\/adrianseisdedos.com\/wp-content\/uploads\/2026\/01\/1129142-300x200.jpg 300w, https:\/\/adrianseisdedos.com\/wp-content\/uploads\/2026\/01\/1129142-768x512.jpg 768w, https:\/\/adrianseisdedos.com\/wp-content\/uploads\/2026\/01\/1129142-18x12.jpg 18w\" sizes=\"(max-width: 800px) 100vw, 800px\" \/>\t\t\t\t\t\t\t\t\t\t\t\t\t\t\t<\/div>\n\t\t\t\t<\/div>\n\t\t\t\t\t<\/div>\n\t\t\t\t<\/div>\n\t\t\t\t<\/div>","protected":false},"excerpt":{"rendered":"<p>Nuestro Servicios T\u00e9cnico de competici\u00f3n y t\u00e9cnico de mantenimiento de veh\u00edculos de carreras en el prestigioso campeonato europeo de F\u00f3rmula Eurocup 3, donde me encargo de asegurar el \u00f3ptimo rendimiento de los autom\u00f3viles y el \u00e9xito del equipo en cada una de las intensas y emocionantes competiciones que se llevan a cabo a lo largo [&hellip;]<\/p>\n","protected":false},"author":1,"featured_media":0,"parent":0,"menu_order":0,"comment_status":"closed","ping_status":"closed","template":"elementor_canvas","meta":{"footnotes":""},"class_list":["post-7","page","type-page","status-publish","hentry"],"yoast_head":"<!-- This site is optimized with the Yoast SEO plugin v27.4 - https:\/\/yoast.com\/product\/yoast-seo-wordpress\/ -->\n<title>Servicios - Adri\u00e1n Seisdedos Amirola<\/title>\n<meta name=\"robots\" content=\"index, follow, max-snippet:-1, max-image-preview:large, max-video-preview:-1\" \/>\n<link rel=\"canonical\" href=\"https:\/\/adrianseisdedos.com\/eu\/servicios\/\" \/>\n<meta property=\"og:locale\" content=\"en_US\" \/>\n<meta property=\"og:type\" content=\"article\" \/>\n<meta property=\"og:title\" content=\"Servicios - Adri\u00e1n Seisdedos Amirola\" \/>\n<meta property=\"og:description\" content=\"Nuestro Servicios T\u00e9cnico de competici\u00f3n y t\u00e9cnico de mantenimiento de veh\u00edculos de carreras en el prestigioso campeonato europeo de F\u00f3rmula Eurocup 3, donde me encargo de asegurar el \u00f3ptimo rendimiento de los autom\u00f3viles y el \u00e9xito del equipo en cada una de las intensas y emocionantes competiciones que se llevan a cabo a lo largo [&hellip;]\" \/>\n<meta property=\"og:url\" content=\"https:\/\/adrianseisdedos.com\/eu\/servicios\/\" \/>\n<meta property=\"og:site_name\" content=\"Adri\u00e1n Seisdedos Amirola\" \/>\n<meta property=\"article:modified_time\" content=\"2026-01-16T16:45:20+00:00\" \/>\n<meta property=\"og:image\" content=\"https:\/\/adrianseisdedos.com\/wp-content\/uploads\/2026\/01\/68942-1024x576.jpg\" \/>\n<meta name=\"twitter:card\" content=\"summary_large_image\" \/>\n<meta name=\"twitter:label1\" content=\"Est. reading time\" \/>\n\t<meta name=\"twitter:data1\" content=\"1 minutua\" \/>\n<script type=\"application\/ld+json\" class=\"yoast-schema-graph\">{\"@context\":\"https:\\\/\\\/schema.org\",\"@graph\":[{\"@type\":\"WebPage\",\"@id\":\"https:\\\/\\\/adrianseisdedos.com\\\/servicios\\\/\",\"url\":\"https:\\\/\\\/adrianseisdedos.com\\\/servicios\\\/\",\"name\":\"Servicios - Adri\u00e1n Seisdedos Amirola\",\"isPartOf\":{\"@id\":\"https:\\\/\\\/adrianseisdedos.com\\\/#website\"},\"primaryImageOfPage\":{\"@id\":\"https:\\\/\\\/adrianseisdedos.com\\\/servicios\\\/#primaryimage\"},\"image\":{\"@id\":\"https:\\\/\\\/adrianseisdedos.com\\\/servicios\\\/#primaryimage\"},\"thumbnailUrl\":\"https:\\\/\\\/adrianseisdedos.com\\\/wp-content\\\/uploads\\\/2026\\\/01\\\/68942-1024x576.jpg\",\"datePublished\":\"2026-01-16T11:20:19+00:00\",\"dateModified\":\"2026-01-16T16:45:20+00:00\",\"breadcrumb\":{\"@id\":\"https:\\\/\\\/adrianseisdedos.com\\\/servicios\\\/#breadcrumb\"},\"inLanguage\":\"eu\",\"potentialAction\":[{\"@type\":\"ReadAction\",\"target\":[\"https:\\\/\\\/adrianseisdedos.com\\\/servicios\\\/\"]}]},{\"@type\":\"ImageObject\",\"inLanguage\":\"eu\",\"@id\":\"https:\\\/\\\/adrianseisdedos.com\\\/servicios\\\/#primaryimage\",\"url\":\"https:\\\/\\\/adrianseisdedos.com\\\/wp-content\\\/uploads\\\/2026\\\/01\\\/68942-1024x576.jpg\",\"contentUrl\":\"https:\\\/\\\/adrianseisdedos.com\\\/wp-content\\\/uploads\\\/2026\\\/01\\\/68942-1024x576.jpg\"},{\"@type\":\"BreadcrumbList\",\"@id\":\"https:\\\/\\\/adrianseisdedos.com\\\/servicios\\\/#breadcrumb\",\"itemListElement\":[{\"@type\":\"ListItem\",\"position\":1,\"name\":\"Portada\",\"item\":\"https:\\\/\\\/adrianseisdedos.com\\\/\"},{\"@type\":\"ListItem\",\"position\":2,\"name\":\"Servicios\"}]},{\"@type\":\"WebSite\",\"@id\":\"https:\\\/\\\/adrianseisdedos.com\\\/#website\",\"url\":\"https:\\\/\\\/adrianseisdedos.com\\\/\",\"name\":\"Adri\u00e1n Seisdedos Amirola\",\"description\":\"Adri\u00e1n Seisdedos Amirola\",\"publisher\":{\"@id\":\"https:\\\/\\\/adrianseisdedos.com\\\/#organization\"},\"potentialAction\":[{\"@type\":\"SearchAction\",\"target\":{\"@type\":\"EntryPoint\",\"urlTemplate\":\"https:\\\/\\\/adrianseisdedos.com\\\/?s={search_term_string}\"},\"query-input\":{\"@type\":\"PropertyValueSpecification\",\"valueRequired\":true,\"valueName\":\"search_term_string\"}}],\"inLanguage\":\"eu\"},{\"@type\":\"Organization\",\"@id\":\"https:\\\/\\\/adrianseisdedos.com\\\/#organization\",\"name\":\"Adri\u00e1n Seisdedos Amirola\",\"url\":\"https:\\\/\\\/adrianseisdedos.com\\\/\",\"logo\":{\"@type\":\"ImageObject\",\"inLanguage\":\"eu\",\"@id\":\"https:\\\/\\\/adrianseisdedos.com\\\/#\\\/schema\\\/logo\\\/image\\\/\",\"url\":\"https:\\\/\\\/adrianseisdedos.com\\\/wp-content\\\/uploads\\\/2026\\\/01\\\/logo_web.png\",\"contentUrl\":\"https:\\\/\\\/adrianseisdedos.com\\\/wp-content\\\/uploads\\\/2026\\\/01\\\/logo_web.png\",\"width\":2250,\"height\":1013,\"caption\":\"Adri\u00e1n Seisdedos Amirola\"},\"image\":{\"@id\":\"https:\\\/\\\/adrianseisdedos.com\\\/#\\\/schema\\\/logo\\\/image\\\/\"}}]}<\/script>\n<!-- \/ Yoast SEO plugin. -->","yoast_head_json":{"title":"Servicios - Adri\u00e1n Seisdedos Amirola","robots":{"index":"index","follow":"follow","max-snippet":"max-snippet:-1","max-image-preview":"max-image-preview:large","max-video-preview":"max-video-preview:-1"},"canonical":"https:\/\/adrianseisdedos.com\/eu\/servicios\/","og_locale":"en_US","og_type":"article","og_title":"Servicios - Adri\u00e1n Seisdedos Amirola","og_description":"Nuestro Servicios T\u00e9cnico de competici\u00f3n y t\u00e9cnico de mantenimiento de veh\u00edculos de carreras en el prestigioso campeonato europeo de F\u00f3rmula Eurocup 3, donde me encargo de asegurar el \u00f3ptimo rendimiento de los autom\u00f3viles y el \u00e9xito del equipo en cada una de las intensas y emocionantes competiciones que se llevan a cabo a lo largo [&hellip;]","og_url":"https:\/\/adrianseisdedos.com\/eu\/servicios\/","og_site_name":"Adri\u00e1n Seisdedos Amirola","article_modified_time":"2026-01-16T16:45:20+00:00","og_image":[{"url":"https:\/\/adrianseisdedos.com\/wp-content\/uploads\/2026\/01\/68942-1024x576.jpg","type":"","width":"","height":""}],"twitter_card":"summary_large_image","twitter_misc":{"Est. reading time":"1 minutua"},"schema":{"@context":"https:\/\/schema.org","@graph":[{"@type":"WebPage","@id":"https:\/\/adrianseisdedos.com\/servicios\/","url":"https:\/\/adrianseisdedos.com\/servicios\/","name":"Servicios - Adri\u00e1n Seisdedos Amirola","isPartOf":{"@id":"https:\/\/adrianseisdedos.com\/#website"},"primaryImageOfPage":{"@id":"https:\/\/adrianseisdedos.com\/servicios\/#primaryimage"},"image":{"@id":"https:\/\/adrianseisdedos.com\/servicios\/#primaryimage"},"thumbnailUrl":"https:\/\/adrianseisdedos.com\/wp-content\/uploads\/2026\/01\/68942-1024x576.jpg","datePublished":"2026-01-16T11:20:19+00:00","dateModified":"2026-01-16T16:45:20+00:00","breadcrumb":{"@id":"https:\/\/adrianseisdedos.com\/servicios\/#breadcrumb"},"inLanguage":"eu","potentialAction":[{"@type":"ReadAction","target":["https:\/\/adrianseisdedos.com\/servicios\/"]}]},{"@type":"ImageObject","inLanguage":"eu","@id":"https:\/\/adrianseisdedos.com\/servicios\/#primaryimage","url":"https:\/\/adrianseisdedos.com\/wp-content\/uploads\/2026\/01\/68942-1024x576.jpg","contentUrl":"https:\/\/adrianseisdedos.com\/wp-content\/uploads\/2026\/01\/68942-1024x576.jpg"},{"@type":"BreadcrumbList","@id":"https:\/\/adrianseisdedos.com\/servicios\/#breadcrumb","itemListElement":[{"@type":"ListItem","position":1,"name":"Portada","item":"https:\/\/adrianseisdedos.com\/"},{"@type":"ListItem","position":2,"name":"Servicios"}]},{"@type":"WebSite","@id":"https:\/\/adrianseisdedos.com\/#website","url":"https:\/\/adrianseisdedos.com\/","name":"Adri\u00e1n Seisdedos Amirola","description":"Adri\u00e1n Seisdedos Amirola","publisher":{"@id":"https:\/\/adrianseisdedos.com\/#organization"},"potentialAction":[{"@type":"SearchAction","target":{"@type":"EntryPoint","urlTemplate":"https:\/\/adrianseisdedos.com\/?s={search_term_string}"},"query-input":{"@type":"PropertyValueSpecification","valueRequired":true,"valueName":"search_term_string"}}],"inLanguage":"eu"},{"@type":"Organization","@id":"https:\/\/adrianseisdedos.com\/#organization","name":"Adri\u00e1n Seisdedos Amirola","url":"https:\/\/adrianseisdedos.com\/","logo":{"@type":"ImageObject","inLanguage":"eu","@id":"https:\/\/adrianseisdedos.com\/#\/schema\/logo\/image\/","url":"https:\/\/adrianseisdedos.com\/wp-content\/uploads\/2026\/01\/logo_web.png","contentUrl":"https:\/\/adrianseisdedos.com\/wp-content\/uploads\/2026\/01\/logo_web.png","width":2250,"height":1013,"caption":"Adri\u00e1n Seisdedos Amirola"},"image":{"@id":"https:\/\/adrianseisdedos.com\/#\/schema\/logo\/image\/"}}]}},"_links":{"self":[{"href":"https:\/\/adrianseisdedos.com\/eu\/wp-json\/wp\/v2\/pages\/7","targetHints":{"allow":["GET"]}}],"collection":[{"href":"https:\/\/adrianseisdedos.com\/eu\/wp-json\/wp\/v2\/pages"}],"about":[{"href":"https:\/\/adrianseisdedos.com\/eu\/wp-json\/wp\/v2\/types\/page"}],"author":[{"embeddable":true,"href":"https:\/\/adrianseisdedos.com\/eu\/wp-json\/wp\/v2\/users\/1"}],"replies":[{"embeddable":true,"href":"https:\/\/adrianseisdedos.com\/eu\/wp-json\/wp\/v2\/comments?post=7"}],"version-history":[{"count":91,"href":"https:\/\/adrianseisdedos.com\/eu\/wp-json\/wp\/v2\/pages\/7\/revisions"}],"predecessor-version":[{"id":359,"href":"https:\/\/adrianseisdedos.com\/eu\/wp-json\/wp\/v2\/pages\/7\/revisions\/359"}],"wp:attachment":[{"href":"https:\/\/adrianseisdedos.com\/eu\/wp-json\/wp\/v2\/media?parent=7"}],"curies":[{"name":"wp","href":"https:\/\/api.w.org\/{rel}","templated":true}]}}